{"id":1484,"date":"2020-11-16T15:18:10","date_gmt":"2020-11-16T13:18:10","guid":{"rendered":"https:\/\/www.scifeon.com\/cookie-richtlinie\/"},"modified":"2025-07-28T18:06:01","modified_gmt":"2025-07-28T16:06:01","slug":"cookie-richtlinie","status":"publish","type":"page","link":"https:\/\/www.scifeon.com\/de\/cookie-richtlinie\/","title":{"rendered":"Cookie-Richtlinie"},"content":{"rendered":"\t\t<div data-elementor-type=\"wp-page\" data-elementor-id=\"1484\" class=\"elementor elementor-1484 elementor-766\" data-elementor-post-type=\"page\">\n\t\t\t\t\t\t<section class=\"elementor-section elementor-top-section elementor-element elementor-element-34cdb346 elementor-section-height-min-height elementor-section-boxed elementor-section-height-default elementor-section-items-middle\" data-id=\"34cdb346\" data-element_type=\"section\" id=\"next\" data-settings=\"{&quot;background_background&quot;:&quot;gradient&quot;,&quot;shape_divider_bottom&quot;:&quot;waves&quot;,&quot;shape_divider_bottom_negative&quot;:&quot;yes&quot;}\">\n\t\t\t\t\t\t\t<div class=\"elementor-background-overlay\"><\/div>\n\t\t\t\t\t\t<div class=\"elementor-shape elementor-shape-bottom\" data-negative=\"true\">\n\t\t\t<svg xmlns=\"http:\/\/www.w3.org\/2000\/svg\" viewBox=\"0 0 1000 100\" preserveAspectRatio=\"none\">\n\t<path class=\"elementor-shape-fill\" d=\"M790.5,93.1c-59.3-5.3-116.8-18-192.6-50c-29.6-12.7-76.9-31-100.5-35.9c-23.6-4.9-52.6-7.8-75.5-5.3\n\tc-10.2,1.1-22.6,1.4-50.1,7.4c-27.2,6.3-58.2,16.6-79.4,24.7c-41.3,15.9-94.9,21.9-134,22.6C72,58.2,0,25.8,0,25.8V100h1000V65.3\n\tc0,0-51.5,19.4-106.2,25.7C839.5,97,814.1,95.2,790.5,93.1z\"\/>\n<\/svg>\t\t<\/div>\n\t\t\t\t\t<div class=\"elementor-container elementor-column-gap-default\">\n\t\t\t\t\t<div class=\"elementor-column elementor-col-100 elementor-top-column elementor-element elementor-element-7a3b3234\" data-id=\"7a3b3234\" data-element_type=\"column\">\n\t\t\t<div class=\"elementor-widget-wrap elementor-element-populated\">\n\t\t\t\t\t\t<div class=\"elementor-element elementor-element-2068c95 elementor-invisible elementor-widget elementor-widget-heading\" data-id=\"2068c95\" data-element_type=\"widget\" data-settings=\"{&quot;_animation&quot;:&quot;fadeInDown&quot;}\" data-widget_type=\"heading.default\">\n\t\t\t\t<div class=\"elementor-widget-container\">\n\t\t\t<h1 class=\"elementor-heading-title elementor-size-default\">Cookie-Richtlinie<\/h1>\t\t<\/div>\n\t\t\t\t<\/div>\n\t\t\t\t\t<\/div>\n\t\t<\/div>\n\t\t\t\t\t<\/div>\n\t\t<\/section>\n\t\t\t\t<section class=\"elementor-section elementor-top-section elementor-element elementor-element-fecd79e elementor-section-boxed elementor-section-height-default elementor-section-height-default\" data-id=\"fecd79e\" data-element_type=\"section\">\n\t\t\t\t\t\t<div class=\"elementor-container elementor-column-gap-default\">\n\t\t\t\t\t<div class=\"elementor-column elementor-col-100 elementor-top-column elementor-element elementor-element-a99a777\" data-id=\"a99a777\" data-element_type=\"column\">\n\t\t\t<div class=\"elementor-widget-wrap elementor-element-populated\">\n\t\t\t\t\t\t<div class=\"elementor-element elementor-element-c0664cc elementor-widget elementor-widget-text-editor\" data-id=\"c0664cc\" data-element_type=\"widget\" data-widget_type=\"text-editor.default\">\n\t\t\t\t<div class=\"elementor-widget-container\">\n\t\t\t\t\t\t\t<p><em>Zuletzt aktualisiert: 16,&nbsp; Juli&nbsp; 2025<\/em><\/p>\n<p>Diese Cookie-Richtlinie erkl\u00e4rt, was Cookies sind und wie wir sie verwenden. Sie sollten diese Richtlinie lesen, damit Sie verstehen, welche Art von Cookies wir verwenden bzw. welche Informationen wir sammeln &#8211; und wie diese Informationen verwendet werden. Cookies enthalten in der Regel keine Informationen, die einen Benutzer pers\u00f6nlich identifizieren. Pers\u00f6nliche Daten, die wir \u00fcber Sie speichern, k\u00f6nnen jedoch mit den in Cookies gespeicherten und aus ihnen gewonnenen Informationen verkn\u00fcpft werden.<\/p>\n<p>Wir speichern keine sensiblen pers\u00f6nlichen Daten wie Postadressen, Kontopassw\u00f6rter usw. in den von uns verwendeten Cookies.<\/p>\n<h3><strong>Auslegung und Definitionen<\/strong><\/h3>\n<h5><strong>Interpretation<\/strong><\/h5>\n<p>Die W\u00f6rter, deren Anfangsbuchstaben gro\u00df geschrieben sind, haben die unter den folgenden Bedingungen definierten Bedeutungen. Die folgenden Definitionen haben dieselbe Bedeutung, unabh\u00e4ngig davon, ob sie im Singular oder im Plural stehen.<\/p>\n<h5><strong>Definitionen<\/strong><\/h5>\n<p>F\u00fcr die Zwecke dieser Cookie-Richtlinie:<\/p>\n<ul>\n<li><strong>Unternehmen <\/strong>(in dieser Cookie-Richtlinie entweder als &#8222;das Unternehmen&#8220;, &#8222;wir&#8220;, &#8222;uns&#8220; oder &#8222;unser&#8220; bezeichnet) bezieht sich auf SCIFEON ApS, Vandtaarnsvej 62A, DK-2860 Soeborg.<\/li>\n<li><strong>Cookies <\/strong>sind kleine Dateien, die von einer Website auf Ihrem Computer, Ihrem Mobilger\u00e4t oder einem anderen Ger\u00e4t abgelegt werden und unter anderem Angaben zu Ihrem Surfverhalten auf dieser Website enthalten.<\/li>\n<li><strong>Die Website <\/strong>verweist auf SCIFEON, zug\u00e4nglich \u00fcber&nbsp;<a href=\"https:\/\/scifeon.com\/\">https:\/\/scifeon.com<\/a><\/li>\n<li><strong>Sie <\/strong>sind die nat\u00fcrliche Person, die auf die Website zugreift oder sie nutzt, oder ein Unternehmen oder eine juristische Person, in deren Namen eine solche nat\u00fcrliche Person auf die Website zugreift oder sie nutzt, je nach Fall.<\/li>\n<\/ul>\n<h3><strong>Cookie-Nutzung<\/strong><\/h3>\n<p><strong>Art der von uns verwendeten Cookies<\/strong><\/p>\n<p>Cookies k\u00f6nnen &#8222;dauerhafte&#8220; oder &#8222;Sitzungscookies&#8220; sein. Dauerhafte Cookies verbleiben auf Ihrem Computer oder mobilen Ger\u00e4t, wenn Sie offline gehen, w\u00e4hrend Sitzungscookies gel\u00f6scht werden, sobald Sie Ihren Webbrowser schlie\u00dfen.<\/p>\n<p>Wir verwenden sowohl Sitzungscookies als auch dauerhafte Cookies f\u00fcr die unten genannten Zwecke:<\/p>\n<ul>\n<li><strong>Session \/ Persistent Cookies<br><\/strong>Typ: Sitzungscookies, von uns verwaltet<\/li>\n<\/ul>\n<p>Zweck: Diese Cookies sind unerl\u00e4sslich, um Ihnen die \u00fcber die Website verf\u00fcgbaren Dienste zur Verf\u00fcgung zu stellen und um Ihnen die Nutzung einiger Funktionen zu erm\u00f6glichen. Sie helfen dabei, Benutzer zu authentifizieren und die betr\u00fcgerische Nutzung von Benutzerkonten zu verhindern. Ohne diese Cookies k\u00f6nnen die von Ihnen angeforderten Dienste nicht bereitgestellt werden, und wir verwenden diese Cookies nur, um Ihnen diese Dienste zur Verf\u00fcgung zu stellen.<\/p>\n<ul>\n<li><strong>Funktionalit\u00e4t Cookies<br><\/strong>Typ: Dauerhafte Cookies, von uns verwaltet<\/li>\n<\/ul>\n<p>Zweck: Diese Cookies erm\u00f6glichen es uns, die von Ihnen bei der Nutzung der Website getroffenen Entscheidungen zu speichern, z. B. Ihre Anmeldedaten oder die von Ihnen bevorzugte Sprache. Der Zweck dieser Cookies ist es, Ihnen ein pers\u00f6nlicheres Erlebnis zu bieten und zu vermeiden, dass Sie Ihre Einstellungen jedes Mal neu eingeben m\u00fcssen, wenn Sie die Website nutzen.<\/p>\n<h5><strong>Ihre Wahlm\u00f6glichkeiten in Bezug auf Cookies<\/strong><\/h5>\n<p>Wenn Sie die Verwendung von Cookies auf der Website vermeiden m\u00f6chten, m\u00fcssen Sie zun\u00e4chst die Verwendung von Cookies in Ihrem Browser deaktivieren und dann die in Ihrem Browser gespeicherten Cookies im Zusammenhang mit dieser Website l\u00f6schen. Sie k\u00f6nnen diese Option zur Verhinderung der Verwendung von Cookies jederzeit nutzen.<\/p>\n<p>Wenn Sie unsere Cookies nicht akzeptieren, kann es bei der Nutzung der SCIFEON-Website zu Unannehmlichkeiten kommen und einige Funktionen funktionieren m\u00f6glicherweise nicht richtig.&nbsp;Wenn Sie Cookies l\u00f6schen oder Ihren Webbrowser anweisen m\u00f6chten, Cookies zu l\u00f6schen oder abzulehnen, besuchen Sie bitte die Hilfeseiten Ihres Webbrowsers.<\/p>\n<ul>\n<li>F\u00fcr Chrome, besuchen Sie bitte diese Seite von Google:&nbsp;<br><a href=\"https:\/\/support.google.com\/accounts\/answer\/32050\">https:\/\/support.google.com\/accounts\/answer\/32050<\/a><\/li>\n<li>F\u00fcr den Internet Explorer besuchen Sie bitte diese Seite von Microsoft:&nbsp;<br><a href=\"http:\/\/support.microsoft.com\/kb\/278835\">http:\/\/support.microsoft.com\/kb\/278835<\/a><\/li>\n<li>F\u00fcr Firefox, besuchen Sie bitte diese Seite von Mozilla:&nbsp;<br><a href=\"https:\/\/support.mozilla.org\/en-US\/kb\/delete-cookies-remove-info-websites-stored\">https:\/\/support.mozilla.org\/en-US\/kb\/delete-cookies-remove-info-websites-stored<\/a><\/li>\n<li>F\u00fcr Safari, besuchen Sie bitte diese Seite von Apple:&nbsp;<br><a href=\"https:\/\/support.apple.com\/guide\/safari\/manage-cookies-and-website-data-sfri11471\/mac\">https:\/\/support.apple.com\/guide\/safari\/manage-cookies-and-website-data-sfri11471\/mac<\/a><\/li>\n<\/ul>\n<p>F\u00fcr jeden anderen Webbrowser besuchen Sie bitte die offiziellen Webseiten Ihres Webbrowsers.<\/p>\n<h5><strong>Kontaktieren Sie uns<\/strong><\/h5>\n<p>Wenn Sie Fragen zu unserer Cookie-Richtlinie haben, k\u00f6nnen Sie uns unter kontaktieren:<\/p>\n<p>SCIFEON<br>(Company reg.no. DK38977849)<br>Vandtaarnsvej 62A<br>DK-2860 Soeborg<br>D\u00c4NEMARK<br>scifeon@scifeon.com<\/p>\t\t\t\t\t\t<\/div>\n\t\t\t\t<\/div>\n\t\t\t\t\t<\/div>\n\t\t<\/div>\n\t\t\t\t\t<\/div>\n\t\t<\/section>\n\t\t\t\t<section class=\"elementor-section elementor-top-section elementor-element elementor-element-2af62910 elementor-section-boxed elementor-section-height-default elementor-section-height-default\" data-id=\"2af62910\" data-element_type=\"section\" data-settings=\"{&quot;background_background&quot;:&quot;gradient&quot;}\">\n\t\t\t\t\t\t\t<div class=\"elementor-background-overlay\"><\/div>\n\t\t\t\t\t\t\t<div class=\"elementor-container elementor-column-gap-default\">\n\t\t\t\t\t<div class=\"elementor-column elementor-col-50 elementor-top-column elementor-element elementor-element-7a598126\" data-id=\"7a598126\" data-element_type=\"column\">\n\t\t\t<div class=\"elementor-widget-wrap elementor-element-populated\">\n\t\t\t\t\t\t<div class=\"elementor-element elementor-element-70ab5c89 elementor-invisible elementor-widget elementor-widget-heading\" data-id=\"70ab5c89\" data-element_type=\"widget\" data-settings=\"{&quot;_animation&quot;:&quot;fadeIn&quot;}\" data-widget_type=\"heading.default\">\n\t\t\t\t<div class=\"elementor-widget-container\">\n\t\t\t<h2 class=\"elementor-heading-title elementor-size-default\">Sind Sie bereit, Ihr Labor auf die n\u00e4chste Stufe zu bringen?<\/h2>\t\t<\/div>\n\t\t\t\t<\/div>\n\t\t\t\t\t<\/div>\n\t\t<\/div>\n\t\t\t\t<div class=\"elementor-column elementor-col-50 elementor-top-column elementor-element elementor-element-1fc94aba\" data-id=\"1fc94aba\" data-element_type=\"column\">\n\t\t\t<div class=\"elementor-widget-wrap elementor-element-populated\">\n\t\t\t\t\t\t<div class=\"elementor-element elementor-element-11604ac7 elementor-align-right elementor-mobile-align-left elementor-invisible elementor-widget elementor-widget-button\" data-id=\"11604ac7\" data-element_type=\"widget\" data-settings=\"{&quot;_animation&quot;:&quot;fadeIn&quot;}\" data-widget_type=\"button.default\">\n\t\t\t\t<div class=\"elementor-widget-container\">\n\t\t\t\t\t\t\t<div class=\"elementor-button-wrapper\">\n\t\t\t\t\t<a class=\"elementor-button elementor-button-link elementor-size-lg\" href=\"https:\/\/www.scifeon.com\/demo\/\">\n\t\t\t\t\t\t<span class=\"elementor-button-content-wrapper\">\n\t\t\t\t\t\t\t\t\t<span class=\"elementor-button-text\">Demo anfordern<\/span>\n\t\t\t\t\t<\/span>\n\t\t\t\t\t<\/a>\n\t\t\t\t<\/div>\n\t\t\t\t\t\t<\/div>\n\t\t\t\t<\/div>\n\t\t\t\t\t<\/div>\n\t\t<\/div>\n\t\t\t\t\t<\/div>\n\t\t<\/section>\n\t\t\t\t<\/div>\n\t\t","protected":false},"excerpt":{"rendered":"<p>Cookie-Richtlinie Zuletzt aktualisiert: 16,&nbsp; Juli&nbsp; 2025 Diese Cookie-Richtlinie erkl\u00e4rt, was Cookies sind und wie wir sie verwenden. Sie sollten diese Richtlinie lesen, damit Sie verstehen, welche Art von Cookies wir verwenden bzw. welche Informationen wir sammeln &#8211; und wie diese &hellip; <a href=\"https:\/\/www.scifeon.com\/de\/cookie-richtlinie\/\">Read More<\/a><\/p>\n","protected":false},"author":4,"featured_media":0,"parent":0,"menu_order":0,"comment_status":"closed","ping_status":"closed","template":"","meta":{"om_disable_all_campaigns":false,"_monsterinsights_skip_tracking":false,"_monsterinsights_sitenote_active":false,"_monsterinsights_sitenote_note":"","_monsterinsights_sitenote_category":0,"_uf_show_specific_survey":0,"_uf_disable_surveys":false,"footnotes":""},"class_list":["post-1484","page","type-page","status-publish","hentry"],"aioseo_notices":[],"_links":{"self":[{"href":"https:\/\/www.scifeon.com\/de\/wp-json\/wp\/v2\/pages\/1484","targetHints":{"allow":["GET"]}}],"collection":[{"href":"https:\/\/www.scifeon.com\/de\/wp-json\/wp\/v2\/pages"}],"about":[{"href":"https:\/\/www.scifeon.com\/de\/wp-json\/wp\/v2\/types\/page"}],"author":[{"embeddable":true,"href":"https:\/\/www.scifeon.com\/de\/wp-json\/wp\/v2\/users\/4"}],"replies":[{"embeddable":true,"href":"https:\/\/www.scifeon.com\/de\/wp-json\/wp\/v2\/comments?post=1484"}],"version-history":[{"count":0,"href":"https:\/\/www.scifeon.com\/de\/wp-json\/wp\/v2\/pages\/1484\/revisions"}],"wp:attachment":[{"href":"https:\/\/www.scifeon.com\/de\/wp-json\/wp\/v2\/media?parent=1484"}],"curies":[{"name":"wp","href":"https:\/\/api.w.org\/{rel}","templated":true}]}}