{"id":1697,"date":"2025-06-29T13:03:32","date_gmt":"2025-06-29T11:03:32","guid":{"rendered":"https:\/\/www.scifeon.com\/?page_id=1697"},"modified":"2025-06-29T13:05:07","modified_gmt":"2025-06-29T11:05:07","slug":"datenschutzbestimmungen-2","status":"publish","type":"page","link":"https:\/\/www.scifeon.com\/de\/datenschutzbestimmungen-2\/","title":{"rendered":"Impressum"},"content":{"rendered":"\t\t<div data-elementor-type=\"wp-page\" data-elementor-id=\"1697\" class=\"elementor elementor-1697\" data-elementor-post-type=\"page\">\n\t\t\t\t\t\t<section class=\"elementor-section elementor-top-section elementor-element elementor-element-34cdb346 elementor-section-height-min-height elementor-section-boxed elementor-section-height-default elementor-section-items-middle\" data-id=\"34cdb346\" data-element_type=\"section\" id=\"next\" data-settings=\"{&quot;background_background&quot;:&quot;gradient&quot;,&quot;shape_divider_bottom&quot;:&quot;waves&quot;,&quot;shape_divider_bottom_negative&quot;:&quot;yes&quot;}\">\n\t\t\t\t\t\t\t<div class=\"elementor-background-overlay\"><\/div>\n\t\t\t\t\t\t<div class=\"elementor-shape elementor-shape-bottom\" data-negative=\"true\">\n\t\t\t<svg xmlns=\"http:\/\/www.w3.org\/2000\/svg\" viewBox=\"0 0 1000 100\" preserveAspectRatio=\"none\">\n\t<path class=\"elementor-shape-fill\" d=\"M790.5,93.1c-59.3-5.3-116.8-18-192.6-50c-29.6-12.7-76.9-31-100.5-35.9c-23.6-4.9-52.6-7.8-75.5-5.3\n\tc-10.2,1.1-22.6,1.4-50.1,7.4c-27.2,6.3-58.2,16.6-79.4,24.7c-41.3,15.9-94.9,21.9-134,22.6C72,58.2,0,25.8,0,25.8V100h1000V65.3\n\tc0,0-51.5,19.4-106.2,25.7C839.5,97,814.1,95.2,790.5,93.1z\"\/>\n<\/svg>\t\t<\/div>\n\t\t\t\t\t<div class=\"elementor-container elementor-column-gap-default\">\n\t\t\t\t\t<div class=\"elementor-column elementor-col-100 elementor-top-column elementor-element elementor-element-7a3b3234\" data-id=\"7a3b3234\" data-element_type=\"column\">\n\t\t\t<div class=\"elementor-widget-wrap elementor-element-populated\">\n\t\t\t\t\t\t<div class=\"elementor-element elementor-element-2068c95 elementor-invisible elementor-widget elementor-widget-heading\" data-id=\"2068c95\" data-element_type=\"widget\" data-settings=\"{&quot;_animation&quot;:&quot;fadeInDown&quot;}\" data-widget_type=\"heading.default\">\n\t\t\t\t<div class=\"elementor-widget-container\">\n\t\t\t<h1 class=\"elementor-heading-title elementor-size-default\">Impressum<\/h1>\t\t<\/div>\n\t\t\t\t<\/div>\n\t\t\t\t\t<\/div>\n\t\t<\/div>\n\t\t\t\t\t<\/div>\n\t\t<\/section>\n\t\t\t\t<section class=\"elementor-section elementor-top-section elementor-element elementor-element-fecd79e elementor-section-boxed elementor-section-height-default elementor-section-height-default\" data-id=\"fecd79e\" data-element_type=\"section\">\n\t\t\t\t\t\t<div class=\"elementor-container elementor-column-gap-default\">\n\t\t\t\t\t<div class=\"elementor-column elementor-col-100 elementor-top-column elementor-element elementor-element-a99a777\" data-id=\"a99a777\" data-element_type=\"column\">\n\t\t\t<div class=\"elementor-widget-wrap elementor-element-populated\">\n\t\t\t\t\t\t<div class=\"elementor-element elementor-element-fc396c7 elementor-widget elementor-widget-spacer\" data-id=\"fc396c7\" data-element_type=\"widget\" data-widget_type=\"spacer.default\">\n\t\t\t\t<div class=\"elementor-widget-container\">\n\t\t\t\t\t<div class=\"elementor-spacer\">\n\t\t\t<div class=\"elementor-spacer-inner\"><\/div>\n\t\t<\/div>\n\t\t\t\t<\/div>\n\t\t\t\t<\/div>\n\t\t\t\t<div class=\"elementor-element elementor-element-52bb82e elementor-widget elementor-widget-text-editor\" data-id=\"52bb82e\" data-element_type=\"widget\" data-widget_type=\"text-editor.default\">\n\t\t\t\t<div class=\"elementor-widget-container\">\n\t\t\t\t\t\t\t<h2 data-start=\"415\" data-end=\"427\">Impressum<\/h2><p data-start=\"429\" data-end=\"454\"><strong data-start=\"429\" data-end=\"454\">Angaben gem\u00e4\u00df \u00a7 5 TMG<\/strong><\/p><p data-start=\"456\" data-end=\"515\">Scifeon ApS<br data-start=\"467\" data-end=\"470\" \/>Vandtaarnsvej 62a<br data-start=\"487\" data-end=\"490\" \/>DK-2860 S\u00f8borg<br data-start=\"504\" data-end=\"507\" \/>D\u00e4nemark<\/p><p data-start=\"517\" data-end=\"597\">Telefon: +45 4541 0000<br data-start=\"539\" data-end=\"542\" \/>E-Mail: <a class=\"cursor-pointer\" rel=\"noopener\" data-start=\"550\" data-end=\"569\">scifeon@scifeon.com<\/a><br data-start=\"569\" data-end=\"572\" \/>Webseite: <a class=\"\" href=\"http:\/\/www.scifeon.com\" target=\"_new\" rel=\"noopener\" data-start=\"582\" data-end=\"597\">www.scifeon.com<\/a><\/p><p data-start=\"599\" data-end=\"657\"><strong data-start=\"599\" data-end=\"619\">Vertreten durch:<\/strong><br data-start=\"619\" data-end=\"622\" \/>Dr. Thomas Boesen (Gesch\u00e4ftsf\u00fchrer)<\/p><p data-start=\"659\" data-end=\"738\"><strong data-start=\"659\" data-end=\"679\">Handelsregister:<\/strong><br data-start=\"679\" data-end=\"682\" \/>Company reg. no.: DK38977849<br data-start=\"710\" data-end=\"713\" \/>Handelsregister: D\u00e4nemark<\/p><p data-start=\"740\" data-end=\"824\"><strong data-start=\"740\" data-end=\"811\">Umsatzsteuer-Identifikationsnummer gem\u00e4\u00df \u00a7 27 a Umsatzsteuergesetz:<\/strong><br data-start=\"811\" data-end=\"814\" \/>DK38977849<\/p><p data-start=\"826\" data-end=\"950\"><strong data-start=\"826\" data-end=\"882\">Verantwortlich f\u00fcr den Inhalt nach \u00a7 55 Abs. 2 RStV:<\/strong><br data-start=\"882\" data-end=\"885\" \/>Dr. Thomas Boesen<br data-start=\"902\" data-end=\"905\" \/>Vandtaarnsvej 62a<br data-start=\"922\" data-end=\"925\" \/>DK-2860 S\u00f8borg<br data-start=\"939\" data-end=\"942\" \/>D\u00e4nemark<\/p><p data-start=\"952\" data-end=\"1169\"><strong data-start=\"952\" data-end=\"975\">Haftungsausschluss:<\/strong><br data-start=\"975\" data-end=\"978\" \/>Trotz sorgf\u00e4ltiger inhaltlicher Kontrolle \u00fcbernehmen wir keine Haftung f\u00fcr die Inhalte externer Links. F\u00fcr den Inhalt der verlinkten Seiten sind ausschlie\u00dflich deren Betreiber verantwortlich.<\/p><p data-start=\"1171\" data-end=\"1496\"><strong data-start=\"1171\" data-end=\"1193\">Streitschlichtung:<\/strong><br data-start=\"1193\" data-end=\"1196\" \/>Die Europ\u00e4ische Kommission stellt eine Plattform zur Online-Streitbeilegung (OS) bereit: <a class=\"\" href=\"https:\/\/ec.europa.eu\/consumers\/odr\/\" target=\"_new\" rel=\"noopener\" data-start=\"1285\" data-end=\"1359\">https:\/\/ec.europa.eu\/consumers\/odr\/<\/a><br data-start=\"1359\" data-end=\"1362\" \/>Wir sind nicht verpflichtet und nicht bereit, an einem Streitbeilegungsverfahren vor einer Verbraucherschlichtungsstelle teilzunehmen.<\/p>\t\t\t\t\t\t<\/div>\n\t\t\t\t<\/div>\n\t\t\t\t<div class=\"elementor-element elementor-element-2607c50 elementor-widget elementor-widget-spacer\" data-id=\"2607c50\" data-element_type=\"widget\" data-widget_type=\"spacer.default\">\n\t\t\t\t<div class=\"elementor-widget-container\">\n\t\t\t\t\t<div class=\"elementor-spacer\">\n\t\t\t<div class=\"elementor-spacer-inner\"><\/div>\n\t\t<\/div>\n\t\t\t\t<\/div>\n\t\t\t\t<\/div>\n\t\t\t\t\t<\/div>\n\t\t<\/div>\n\t\t\t\t\t<\/div>\n\t\t<\/section>\n\t\t\t\t<section class=\"elementor-section elementor-top-section elementor-element elementor-element-2af62910 elementor-section-boxed elementor-section-height-default elementor-section-height-default\" data-id=\"2af62910\" data-element_type=\"section\" data-settings=\"{&quot;background_background&quot;:&quot;gradient&quot;}\">\n\t\t\t\t\t\t\t<div class=\"elementor-background-overlay\"><\/div>\n\t\t\t\t\t\t\t<div class=\"elementor-container elementor-column-gap-default\">\n\t\t\t\t\t<div class=\"elementor-column elementor-col-50 elementor-top-column elementor-element elementor-element-7a598126\" data-id=\"7a598126\" data-element_type=\"column\">\n\t\t\t<div class=\"elementor-widget-wrap elementor-element-populated\">\n\t\t\t\t\t\t<div class=\"elementor-element elementor-element-70ab5c89 elementor-invisible elementor-widget elementor-widget-heading\" data-id=\"70ab5c89\" data-element_type=\"widget\" data-settings=\"{&quot;_animation&quot;:&quot;fadeIn&quot;}\" data-widget_type=\"heading.default\">\n\t\t\t\t<div class=\"elementor-widget-container\">\n\t\t\t<h2 class=\"elementor-heading-title elementor-size-default\">Bringen Sie Ihr Labor auf das n\u00e4chste Level!<\/h2>\t\t<\/div>\n\t\t\t\t<\/div>\n\t\t\t\t\t<\/div>\n\t\t<\/div>\n\t\t\t\t<div class=\"elementor-column elementor-col-50 elementor-top-column elementor-element elementor-element-1fc94aba\" data-id=\"1fc94aba\" data-element_type=\"column\">\n\t\t\t<div class=\"elementor-widget-wrap elementor-element-populated\">\n\t\t\t\t\t\t<div class=\"elementor-element elementor-element-11604ac7 elementor-align-right elementor-mobile-align-left elementor-invisible elementor-widget elementor-widget-button\" data-id=\"11604ac7\" data-element_type=\"widget\" data-settings=\"{&quot;_animation&quot;:&quot;fadeIn&quot;}\" data-widget_type=\"button.default\">\n\t\t\t\t<div class=\"elementor-widget-container\">\n\t\t\t\t\t\t\t<div class=\"elementor-button-wrapper\">\n\t\t\t\t\t<a class=\"elementor-button elementor-button-link elementor-size-lg\" href=\"https:\/\/www.scifeon.com\/demo\/\">\n\t\t\t\t\t\t<span class=\"elementor-button-content-wrapper\">\n\t\t\t\t\t\t\t\t\t<span class=\"elementor-button-text\">Demo anfordern<\/span>\n\t\t\t\t\t<\/span>\n\t\t\t\t\t<\/a>\n\t\t\t\t<\/div>\n\t\t\t\t\t\t<\/div>\n\t\t\t\t<\/div>\n\t\t\t\t\t<\/div>\n\t\t<\/div>\n\t\t\t\t\t<\/div>\n\t\t<\/section>\n\t\t\t\t<\/div>\n\t\t","protected":false},"excerpt":{"rendered":"<p>Impressum Impressum Angaben gem\u00e4\u00df \u00a7 5 TMG Scifeon ApSVandtaarnsvej 62aDK-2860 S\u00f8borgD\u00e4nemark Telefon: +45 4541 0000E-Mail: scifeon@scifeon.comWebseite: www.scifeon.com Vertreten durch:Dr. Thomas Boesen (Gesch\u00e4ftsf\u00fchrer) Handelsregister:Company reg. no.: DK38977849Handelsregister: D\u00e4nemark Umsatzsteuer-Identifikationsnummer gem\u00e4\u00df \u00a7 27 a Umsatzsteuergesetz:DK38977849 Verantwortlich f\u00fcr den Inhalt nach \u00a7 55 &hellip; <a href=\"https:\/\/www.scifeon.com\/de\/datenschutzbestimmungen-2\/\">Read More<\/a><\/p>\n","protected":false},"author":18,"featured_media":0,"parent":0,"menu_order":0,"comment_status":"closed","ping_status":"closed","template":"","meta":{"om_disable_all_campaigns":false,"_monsterinsights_skip_tracking":false,"_monsterinsights_sitenote_active":false,"_monsterinsights_sitenote_note":"","_monsterinsights_sitenote_category":0,"_uf_show_specific_survey":0,"_uf_disable_surveys":false,"footnotes":""},"class_list":["post-1697","page","type-page","status-publish","hentry"],"aioseo_notices":[],"_links":{"self":[{"href":"https:\/\/www.scifeon.com\/de\/wp-json\/wp\/v2\/pages\/1697","targetHints":{"allow":["GET"]}}],"collection":[{"href":"https:\/\/www.scifeon.com\/de\/wp-json\/wp\/v2\/pages"}],"about":[{"href":"https:\/\/www.scifeon.com\/de\/wp-json\/wp\/v2\/types\/page"}],"author":[{"embeddable":true,"href":"https:\/\/www.scifeon.com\/de\/wp-json\/wp\/v2\/users\/18"}],"replies":[{"embeddable":true,"href":"https:\/\/www.scifeon.com\/de\/wp-json\/wp\/v2\/comments?post=1697"}],"version-history":[{"count":0,"href":"https:\/\/www.scifeon.com\/de\/wp-json\/wp\/v2\/pages\/1697\/revisions"}],"wp:attachment":[{"href":"https:\/\/www.scifeon.com\/de\/wp-json\/wp\/v2\/media?parent=1697"}],"curies":[{"name":"wp","href":"https:\/\/api.w.org\/{rel}","templated":true}]}}